{"id":64,"date":"2025-12-14T20:55:44","date_gmt":"2025-12-14T20:55:44","guid":{"rendered":"https:\/\/adnhirdavat.com\/?page_id=64"},"modified":"2025-12-14T20:55:44","modified_gmt":"2025-12-14T20:55:44","slug":"hakkimizda","status":"publish","type":"page","link":"https:\/\/adnhirdavat.com\/?page_id=64","title":{"rendered":"Hakk\u0131m\u0131zda"},"content":{"rendered":"\n<p><strong>Hakk\u0131m\u0131zda<\/strong><\/p>\n\n\n\n<p>ADN HIRDAVAT, h\u0131rdavat ve otomotiv sarf malzemeleri alan\u0131nda profesyonel kullan\u0131c\u0131lar\u0131n ihtiya\u00e7lar\u0131na odaklanm\u0131\u015f bir tedarik ve sat\u0131\u015f firmas\u0131d\u0131r. Kuruldu\u011fu g\u00fcnden bu yana ustalara, servis ve i\u015fletmelere kaliteli \u00fcr\u00fcnleri do\u011fru fiyatla ve s\u00fcrd\u00fcr\u00fclebilir tedarik anlay\u0131\u015f\u0131yla sunmay\u0131 hedeflemektedir.<\/p>\n\n\n\n<p>\u00dcr\u00fcn portf\u00f6y\u00fcm\u00fczde; el aletleri, ba\u011flant\u0131 elemanlar\u0131, otomotiv sarf malzemeleri, kimyasallar ve at\u00f6lye ihtiya\u00e7lar\u0131 yer almakta olup hem <strong>toptan<\/strong> hem <strong>perakende<\/strong> sat\u0131\u015f modeliyle hizmet vermekteyiz. Sahadaki ger\u00e7ek ihtiya\u00e7lar\u0131 bilen bir ekip olarak, sadece \u00fcr\u00fcn satmakla kalmaz; do\u011fru \u00fcr\u00fcn\u00fc do\u011fru kullan\u0131m alan\u0131yla e\u015fle\u015ftirerek \u00e7\u00f6z\u00fcm sunar\u0131z.<\/p>\n\n\n\n<p>ADN HIRDAVAT i\u00e7in g\u00fcven, s\u00fcreklilik ve eri\u015filebilirlik temel prensiplerdir. Stok g\u00fcc\u00fc, h\u0131zl\u0131 tedarik kabiliyeti ve \u015feffaf ticaret anlay\u0131\u015f\u0131yla i\u015f ortaklar\u0131m\u0131z\u0131n operasyonlar\u0131n\u0131 aksatmadan destekleriz. K\u0131sa vadeli kazan\u00e7 yerine uzun vadeli i\u015f birliklerini esas al\u0131r\u0131z.<\/p>\n\n\n\n<p>Geli\u015fen sekt\u00f6r dinamiklerini yak\u0131ndan takip ederek \u00fcr\u00fcn gam\u0131m\u0131z\u0131 ve hizmet yap\u0131m\u0131z\u0131 s\u00fcrekli g\u00fcncelliyor, profesyonellerin tercih etti\u011fi g\u00fcvenilir bir h\u0131rdavat markas\u0131 olma yolunda kararl\u0131 ad\u0131mlarla ilerliyoruz.<\/p>\n","protected":false},"excerpt":{"rendered":"<p>Hakk\u0131m\u0131zda ADN HIRDAVAT, h\u0131rdavat ve otomotiv sarf malzemeleri alan\u0131nda profesyonel kullan\u0131c\u0131lar\u0131n ihtiya\u00e7lar\u0131na odaklanm\u0131\u015f bir tedarik ve sat\u0131\u015f firmas\u0131d\u0131r. Kuruldu\u011fu g\u00fcnden bu yana ustalara, servis ve i\u015fletmelere kaliteli \u00fcr\u00fcnleri do\u011fru fiyatla ve s\u00fcrd\u00fcr\u00fclebilir tedarik anlay\u0131\u015f\u0131yla sunmay\u0131 hedeflemektedir. \u00dcr\u00fcn portf\u00f6y\u00fcm\u00fczde; el aletleri, ba\u011flant\u0131 elemanlar\u0131, otomotiv sarf malzemeleri, kimyasallar ve at\u00f6lye ihtiya\u00e7lar\u0131 yer almakta olup hem toptan hem<\/p>\n<div class=\"more-link\">\n             <a href=\"https:\/\/adnhirdavat.com\/?page_id=64\" class=\"theme-btn\"><span>Okumaya devam et <\/span><i class=\"bi bi-arrow-right\"><\/i><\/a>\n        <\/div>\n","protected":false},"author":1,"featured_media":0,"parent":0,"menu_order":0,"comment_status":"closed","ping_status":"closed","template":"","meta":{"_joinchat":[],"footnotes":""},"class_list":["post-64","page","type-page","status-publish","hentry"],"_links":{"self":[{"href":"https:\/\/adnhirdavat.com\/index.php?rest_route=\/wp\/v2\/pages\/64","targetHints":{"allow":["GET"]}}],"collection":[{"href":"https:\/\/adnhirdavat.com\/index.php?rest_route=\/wp\/v2\/pages"}],"about":[{"href":"https:\/\/adnhirdavat.com\/index.php?rest_route=\/wp\/v2\/types\/page"}],"author":[{"embeddable":true,"href":"https:\/\/adnhirdavat.com\/index.php?rest_route=\/wp\/v2\/users\/1"}],"replies":[{"embeddable":true,"href":"https:\/\/adnhirdavat.com\/index.php?rest_route=%2Fwp%2Fv2%2Fcomments&post=64"}],"version-history":[{"count":1,"href":"https:\/\/adnhirdavat.com\/index.php?rest_route=\/wp\/v2\/pages\/64\/revisions"}],"predecessor-version":[{"id":69,"href":"https:\/\/adnhirdavat.com\/index.php?rest_route=\/wp\/v2\/pages\/64\/revisions\/69"}],"wp:attachment":[{"href":"https:\/\/adnhirdavat.com\/index.php?rest_route=%2Fwp%2Fv2%2Fmedia&parent=64"}],"curies":[{"name":"wp","href":"https:\/\/api.w.org\/{rel}","templated":true}]}}